{"id":16,"date":"2020-06-29T08:33:40","date_gmt":"2020-06-29T08:33:40","guid":{"rendered":"http:\/\/sw-themes.com\/porto_dummy\/?page_id=16"},"modified":"2024-09-19T21:53:41","modified_gmt":"2024-09-19T18:53:41","slug":"contact-us","status":"publish","type":"page","link":"https:\/\/tpexc.com\/?page_id=16","title":{"rendered":"\u062a\u0648\u0627\u0635\u0644 \u0645\u0639\u0646\u0627"},"content":{"rendered":"<div class=\"wpb-content-wrapper\"><p>[vc_row wrap_container=&#8221;yes&#8221; el_class=&#8221;mt-3 mt-xl-0 pt-4&#8243;][vc_column][vc_custom_heading text=&#8221;\u0646\u0633\u0647\u0644 \u0639\u0644\u064a\u0643 \u0643\u0627\u0641\u0629 \u0627\u0644\u062a\u0641\u0627\u0635\u064a\u0644<br \/>\n\u062a\u0648\u0627\u0635\u0644 \u0645\u0639\u0646\u0627 \u0627\u0644\u0627\u0646&#8221; font_container=&#8221;tag:h3|font_size:40px|text_align:center|line_height:1&#8243; use_theme_fonts=&#8221;yes&#8221; css=&#8221;&#8221; font_weight=&#8221;700&#8243; skin=&#8221;dark&#8221; letter_spacing=&#8221;-0.05em&#8221; animation_delay=&#8221;200&#8243; el_class=&#8221;mb-4 pb-3 primary-punc-mark&#8221; animation_type=&#8221;fadeInLeft&#8221;][\/vc_column][vc_column text_align=&#8221;center&#8221; el_class=&#8221;contact-icon-boxes mb-4 pb-3&#8243;]<div class=\"porto-animation d-inline-flex justify-content-center me-lg-4 px-5 px-md-0 mb-4 mb-lg-0\"  data-appear-animation=\"fadeInLeft\" data-appear-animation-delay=\"400\"><div class=\"porto-sicon-box mb-0  wpb_custom_1efe903570d178ff0a9b7bfa5febd3a4 style_1 left-icon\"><div class=\"porto-sicon-left\"><div class=\"porto-just-icon-wrapper porto-icon none\" style=\"color:var(--porto-primary-color);font-size:21.6px;\"><i class=\"far fa-envelope\"><\/i><\/div><\/div><div class=\"porto-sicon-body\"><div class=\"porto-sicon-description\" style=\"font-weight:500;font-size:18px;line-height:26px;color:#777777;\">info@tpexc.com<\/p>\n<p>&nbsp;<\/div> <!-- description --><\/div><\/div><!-- porto-sicon-box --><\/div><div class=\"porto-animation d-inline-flex justify-content-center px-5 px-md-0 mb-0\"  data-appear-animation=\"fadeInLeft\" data-appear-animation-delay=\"600\"><div class=\"porto-sicon-box mb-0  wpb_custom_1efe903570d178ff0a9b7bfa5febd3a4 style_1 left-icon\"><div class=\"porto-sicon-left\"><div class=\"porto-just-icon-wrapper porto-icon none\" style=\"color:var(--porto-primary-color);font-size:21.6px;\"><i class=\"fas fa-phone\"><\/i><\/div><\/div><div class=\"porto-sicon-body\"><div class=\"porto-sicon-description\" style=\"font-weight:500;font-size:18px;line-height:26px;color:#777777;\">00905540200500<\/div> <!-- description --><\/div><\/div><!-- porto-sicon-box --><\/div>[\/vc_column][vc_column][\/vc_column][\/vc_row][vc_row wrap_container=&#8221;yes&#8221; no_padding=&#8221;yes&#8221; animation_delay=&#8221;100&#8243; el_class=&#8221;contact-banners pt-lg-5 mt-4&#8243; animation_type=&#8221;fadeIn&#8221;][vc_column el_class=&#8221;contact-banner mb-4 mb-lg-0&#8243; offset=&#8221;vc_col-md-6&#8243;][\/vc_column][vc_column el_class=&#8221;contact-banner&#8221; offset=&#8221;vc_col-md-6&#8243;][vc_single_image image=&#8221;250&#8243; img_size=&#8221;full&#8221; css=&#8221;.vc_custom_1593734861833{margin-bottom: 0px !important;}&#8221; el_class=&#8221;contact-banner-image&#8221;]<div class=\"porto-ultimate-content-box-container w-sm-50 ms-sm-auto p-relative contact-banner-content\"><style>#porto_ucb_21b6bf01188be9ba0119a2cb5c097588{will-change: box-shadow;box-shadow: none;}#porto_ucb_21b6bf01188be9ba0119a2cb5c097588:hover{box-shadow:none}<\/style><div class=\"porto-ultimate-content-box has-content-pos justify-content-center\" style=\"background-color:var(--porto-primary-color);\" data-bg=\"var(--porto-primary-color)\" id=\"porto_ucb_21b6bf01188be9ba0119a2cb5c097588\">[vc_custom_heading text=&#8221;\u0645\u0643\u062a\u0628\u0646\u0627 \u0641\u064a \u062a\u0631\u0643\u064a\u0627&#8221; font_container=&#8221;tag:h3|font_size:26|text_align:center|line_height:27px&#8221; use_theme_fonts=&#8221;yes&#8221; css=&#8221;.vc_custom_1725961955054{margin-bottom: 14px !important;}&#8221; font_weight=&#8221;600&#8243; skin=&#8221;light&#8221; letter_spacing=&#8221;-0.05em&#8221;][vc_custom_heading text=&#8221;M\u0130MARS\u0130NAN OSB MAH. 7 CAD. NALPA\u015e NALBANT GIDA VE<br \/>\n\u0130HT.MADD. NO: 2 MEL\u0130KGAZ\u0130\/ KAYSER\u0130<br \/>\n00905540200500&#8243; font_container=&#8221;tag:p|font_size:16|text_align:center|line_height:26px&#8221; use_theme_fonts=&#8221;yes&#8221; css=&#8221;&#8221; skin=&#8221;light&#8221; letter_spacing=&#8221;0&#8243; el_class=&#8221;mb-0&#8243; link=&#8221;url:tel%3A%2B905540200500&#8243;]<\/div><\/div>[\/vc_column][vc_column el_class=&#8221;p-static&#8221;][vc_custom_heading text=&#8221;&#8221; font_container=&#8221;tag:h6|text_align:left&#8221; use_theme_fonts=&#8221;yes&#8221; css=&#8221;.vc_custom_1593736146863{margin-bottom: 0px !important;padding-top: 16px !important;padding-right: 16.5px !important;padding-bottom: 16px !important;padding-left: 16.5px !important;background-color: #e0e1e5 !important;}&#8221; animation_delay=&#8221;400&#8243; el_class=&#8221;shape circle circle-1&#8243; animation_type=&#8221;fadeInRight&#8221;][vc_custom_heading text=&#8221;&#8221; font_container=&#8221;tag:h6|text_align:left&#8221; use_theme_fonts=&#8221;yes&#8221; css=&#8221;.vc_custom_1593736143936{margin-bottom: 0px !important;padding-top: 10px !important;padding-right: 10.5px !important;padding-bottom: 10px !important;padding-left: 10.5px !important;background-color: #e0e1e5 !important;}&#8221; animation_delay=&#8221;600&#8243; el_class=&#8221;shape circle circle-2&#8243; animation_type=&#8221;fadeInRight&#8221;][vc_custom_heading text=&#8221;&#8221; font_container=&#8221;tag:h6|text_align:left&#8221; use_theme_fonts=&#8221;yes&#8221; css=&#8221;.vc_custom_1593741868502{margin-bottom: 0px !important;padding-top: 10px !important;padding-right: 10.5px !important;padding-bottom: 10px !important;padding-left: 10.5px !important;background-color: #e0e1e5 !important;}&#8221; animation_delay=&#8221;600&#8243; el_class=&#8221;shape circle circle-3&#8243; animation_type=&#8221;fadeInRight&#8221;][\/vc_column][\/vc_row][vc_row wrap_container=&#8221;yes&#8221; animation_delay=&#8221;200&#8243; el_class=&#8221;contact-form pb-5 mt-3&#8243; animation_type=&#8221;fadeInLeft&#8221;][vc_column][vc_custom_heading text=&#8221;\u0627\u0631\u0633\u0644 \u0644\u0646\u0627 \u0631\u0633\u0627\u0644\u0629&#8221; font_container=&#8221;tag:h3|font_size:40px|text_align:center|line_height:1&#8243; use_theme_fonts=&#8221;yes&#8221; css=&#8221;&#8221; font_weight=&#8221;700&#8243; skin=&#8221;dark&#8221; letter_spacing=&#8221;-0.05em&#8221; el_class=&#8221;pt-4 mt-5 mb-5 zigzag center&#8221;]\n<div class=\"wpcf7 no-js\" id=\"wpcf7-f352-o1\" lang=\"en-US\" dir=\"ltr\" data-wpcf7-id=\"352\">\n<div class=\"screen-reader-response\"><p role=\"status\" aria-live=\"polite\" aria-atomic=\"true\"><\/p> <ul><\/ul><\/div>\n<form action=\"\/index.php?rest_route=%2Fwp%2Fv2%2Fpages%2F16#wpcf7-f352-o1\" method=\"post\" class=\"wpcf7-form init\" aria-label=\"Contact form\" novalidate=\"novalidate\" data-status=\"init\">\n<div style=\"display: none;\">\n<input type=\"hidden\" name=\"_wpcf7\" value=\"352\" \/>\n<input type=\"hidden\" name=\"_wpcf7_version\" value=\"6.0\" \/>\n<input type=\"hidden\" name=\"_wpcf7_locale\" value=\"en_US\" \/>\n<input type=\"hidden\" name=\"_wpcf7_unit_tag\" value=\"wpcf7-f352-o1\" \/>\n<input type=\"hidden\" name=\"_wpcf7_container_post\" value=\"0\" \/>\n<input type=\"hidden\" name=\"_wpcf7_posted_data_hash\" value=\"\" \/>\n<\/div>\n<div class=\"row form-row\">\n    <div class=\"form-group col-md-6\">\n        <span class=\"wpcf7-form-control-wrap\" data-name=\"text-888\"><input size=\"40\" maxlength=\"400\" class=\"wpcf7-form-control wpcf7-text wpcf7-validates-as-required name form-control\" id=\"name\" aria-required=\"true\" aria-invalid=\"false\" placeholder=\"Your Name\" value=\"\" type=\"text\" name=\"text-888\" \/><\/span>\n    <\/div>\n    <div class=\"form-group col-md-6\">\n        <span class=\"wpcf7-form-control-wrap\" data-name=\"tel-641\"><input size=\"40\" maxlength=\"400\" class=\"wpcf7-form-control wpcf7-tel wpcf7-validates-as-required wpcf7-text wpcf7-validates-as-tel phone form-control\" id=\"phone\" aria-required=\"true\" aria-invalid=\"false\" placeholder=\"Phone Number\" value=\"\" type=\"tel\" name=\"tel-641\" \/><\/span>\n    <\/div>\n<\/div>\n<div class=\"row form-row\">\n    <div class=\"form-group col-md-6\">\n        <span class=\"wpcf7-form-control-wrap\" data-name=\"your-email\"><input size=\"40\" maxlength=\"400\" class=\"wpcf7-form-control wpcf7-email wpcf7-validates-as-required wpcf7-text wpcf7-validates-as-email email form-control\" id=\"email\" aria-required=\"true\" aria-invalid=\"false\" placeholder=\"E-mail Address\" value=\"\" type=\"email\" name=\"your-email\" \/><\/span>\n    <\/div>\n    <div class=\"form-group col-md-6\">\n        <span class=\"wpcf7-form-control-wrap\" data-name=\"text-889\"><input size=\"40\" maxlength=\"400\" class=\"wpcf7-form-control wpcf7-text wpcf7-validates-as-required subject form-control\" id=\"subject\" aria-required=\"true\" aria-invalid=\"false\" placeholder=\"Subject\" value=\"\" type=\"text\" name=\"text-889\" \/><\/span>\n    <\/div>\n<\/div>\n<div class=\"row form-row\">\n    <div class=\"form-group col-12\">\n        <span class=\"wpcf7-form-control-wrap\" data-name=\"textarea-597\"><textarea cols=\"40\" rows=\"10\" maxlength=\"2000\" class=\"wpcf7-form-control wpcf7-textarea wpcf7-validates-as-required message form-control\" id=\"message\" aria-required=\"true\" aria-invalid=\"false\" placeholder=\"Your Message\" name=\"textarea-597\"><\/textarea><\/span>\n    <\/div>\n<\/div>\n<div class=\"row form-row\">\n    <div class=\"form-group col-12 btn-primary-outline\">\n        <input class=\"wpcf7-form-control wpcf7-submit has-spinner btn btn-submit\" type=\"submit\" value=\"\u0627\u0631\u0633\u0644 \u0627\u0644\u0631\u0633\u0627\u0644\u0629\" \/>\n    <\/div>\n<\/div><div class=\"wpcf7-response-output\" aria-hidden=\"true\"><\/div>\n<\/form>\n<\/div>\n[\/vc_column][\/vc_row]<\/p>\n<\/div>","protected":false},"excerpt":{"rendered":"<p>[vc_row wrap_container=&#8221;yes&#8221; el_class=&#8221;mt-3 mt-xl-0 pt-4&#8243;][vc_column][vc_custom_heading text=&#8221;\u0646\u0633\u0647\u0644 \u0639\u0644\u064a\u0643 \u0643\u0627\u0641\u0629 \u0627\u0644\u062a\u0641\u0627\u0635\u064a\u0644 \u062a\u0648\u0627\u0635\u0644 \u0645\u0639\u0646\u0627 \u0627\u0644\u0627\u0646&#8221; font_container=&#8221;tag:h3|font_size:40px|text_align:center|line_height:1&#8243; use_theme_fonts=&#8221;yes&#8221; css=&#8221;&#8221; font_weight=&#8221;700&#8243; skin=&#8221;dark&#8221; letter_spacing=&#8221;-0.05em&#8221; animation_delay=&#8221;200&#8243; el_class=&#8221;mb-4 pb-3 primary-punc-mark&#8221; animation_type=&#8221;fadeInLeft&#8221;][\/vc_column][vc_column text_align=&#8221;center&#8221; el_class=&#8221;contact-icon-boxes mb-4 pb-3&#8243;][\/vc_column][vc_column][\/vc_column][\/vc_row][vc_row wrap_container=&#8221;yes&#8221; no_padding=&#8221;yes&#8221; animation_delay=&#8221;100&#8243; el_class=&#8221;contact-banners pt-lg-5 mt-4&#8243; animation_type=&#8221;fadeIn&#8221;][vc_column el_class=&#8221;contact-banner mb-4 mb-lg-0&#8243; offset=&#8221;vc_col-md-6&#8243;][\/vc_column][vc_column el_class=&#8221;contact-banner&#8221; offset=&#8221;vc_col-md-6&#8243;][vc_single_image image=&#8221;250&#8243; img_size=&#8221;full&#8221; css=&#8221;.vc_custom_1593734861833{margin-bottom: 0px !important;}&#8221; el_class=&#8221;contact-banner-image&#8221;][\/vc_column][vc_column el_class=&#8221;p-static&#8221;][vc_custom_heading text=&#8221;&#8221; font_container=&#8221;tag:h6|text_align:left&#8221; use_theme_fonts=&#8221;yes&#8221; css=&#8221;.vc_custom_1593736146863{margin-bottom: 0px !important;padding-top: 16px !important;padding-right: [&hellip;]<\/p>\n","protected":false},"author":1,"featured_media":0,"parent":0,"menu_order":0,"comment_status":"closed","ping_status":"closed","template":"","meta":{"_acf_changed":false,"footnotes":""},"class_list":["post-16","page","type-page","status-publish","hentry"],"acf":[],"_links":{"self":[{"href":"https:\/\/tpexc.com\/index.php?rest_route=\/wp\/v2\/pages\/16","targetHints":{"allow":["GET"]}}],"collection":[{"href":"https:\/\/tpexc.com\/index.php?rest_route=\/wp\/v2\/pages"}],"about":[{"href":"https:\/\/tpexc.com\/index.php?rest_route=\/wp\/v2\/types\/page"}],"author":[{"embeddable":true,"href":"https:\/\/tpexc.com\/index.php?rest_route=\/wp\/v2\/users\/1"}],"replies":[{"embeddable":true,"href":"https:\/\/tpexc.com\/index.php?rest_route=%2Fwp%2Fv2%2Fcomments&post=16"}],"version-history":[{"count":7,"href":"https:\/\/tpexc.com\/index.php?rest_route=\/wp\/v2\/pages\/16\/revisions"}],"predecessor-version":[{"id":925,"href":"https:\/\/tpexc.com\/index.php?rest_route=\/wp\/v2\/pages\/16\/revisions\/925"}],"wp:attachment":[{"href":"https:\/\/tpexc.com\/index.php?rest_route=%2Fwp%2Fv2%2Fmedia&parent=16"}],"curies":[{"name":"wp","href":"https:\/\/api.w.org\/{rel}","templated":true}]}}